{"id":10,"date":"2025-09-21T18:58:05","date_gmt":"2025-09-21T18:58:05","guid":{"rendered":"https:\/\/caroledavalletpin.fr\/?page_id=10"},"modified":"2025-09-24T18:25:26","modified_gmt":"2025-09-24T18:25:26","slug":"essai-page","status":"publish","type":"page","link":"https:\/\/caroledavalletpin.fr\/","title":{"rendered":"WHO"},"content":{"rendered":"<p class=\"western\" style=\"text-align: left;\"><span style=\"color: #666666;\"><span style=\"font-family: CenturyGothic, sans-serif;\"><span style=\"font-size: small;\">Architecte d&rsquo;int\u00e9rieur, sc\u00e9nographe \u00e9v\u00e9nementiel et designer confirm\u00e9e, poss\u00e9dant <\/span><\/span><\/span><span style=\"color: #666666;\"><span style=\"font-family: CenturyGothic, sans-serif;\"><span style=\"font-size: small;\">des comp\u00e9tences polyvalentes en tant que directrice <\/span><\/span><\/span><span style=\"color: #666666;\"><span style=\"font-family: CenturyGothic, sans-serif;\"><span style=\"font-size: small;\">de projet dans la valorisation <\/span><\/span><\/span><span style=\"color: #666666;\"><span style=\"font-family: CenturyGothic, sans-serif;\"><span style=\"font-size: small;\">des collections et des produits pour les domaines de la mode, de la maison et du <\/span><\/span><\/span><span style=\"color: #666666;\"><span style=\"font-family: CenturyGothic, sans-serif;\"><span style=\"font-size: small;\">luxe. Ma\u00eetrise toutes les phases <\/span><\/span><\/span><span style=\"color: #666666;\"><span style=\"font-family: CenturyGothic, sans-serif;\"><span style=\"font-size: small;\">du projet, de l\u2019APS au suivi de chantier.<\/span><\/span><\/span><\/p>\n<p>&nbsp;<\/p>\n<p class=\"western\" lang=\"de-DE\" style=\"text-align: left;\"><span style=\"color: #666666;\"><span style=\"font-family: Century Gothic, sans-serif;\"><span style=\"font-size: small;\">C H R O N O L O G I E<\/span><\/span><\/span><\/p>\n<p class=\"western\" style=\"text-align: left;\"><span style=\"font-family: Times New Roman, serif;\"><span style=\"font-size: medium;\"><span style=\"color: #666666;\"><span style=\"font-family: Century Gothic, sans-serif;\"><span style=\"font-size: small;\">Depuis 99 <\/span><\/span><\/span><span style=\"color: #666666;\"><span style=\"font-family: Century Gothic, sans-serif;\"><span style=\"font-size: small;\"><i><b>DIRECTRICE DE PROJET CONSULTANTE<\/b><\/i><\/span><\/span><\/span><span style=\"color: #666666;\"><span style=\"font-family: Century Gothic, sans-serif;\"><span style=\"font-size: small;\"><i><b>. France, Europe, Asie<\/b><\/i><\/span><\/span><\/span><span style=\"color: #666666;\"><span style=\"font-family: Century Gothic, sans-serif;\"><span style=\"font-size: small;\">\u00a0<\/span><\/span><\/span><span style=\"color: #666666;\"><span style=\"font-family: Century Gothic, sans-serif;\"><span style=\"font-size: small;\"><i><b>:<\/b><\/i><\/span><\/span><\/span><\/span><\/span><\/p>\n<p class=\"western\" style=\"text-align: left;\"><span style=\"font-family: Times New Roman, serif;\"><span style=\"font-size: medium;\"><span style=\"color: #666666;\"><span style=\"font-family: Century Gothic, sans-serif;\"><span style=\"font-size: small;\">&#8211;<\/span><\/span><\/span><span style=\"color: #666666;\"><span style=\"font-family: Century Gothic, sans-serif;\"><span style=\"font-size: small;\"><i><b>Agences Nelly Rodi, Peclers &amp; Promostyl<\/b><\/i><\/span><\/span><\/span><span style=\"color: #666666;\"><span style=\"font-family: Century Gothic, sans-serif;\"><span style=\"font-size: small;\"> : DA, conseil, concept et r\u00e9alisations sc\u00e9nographiques pour divers salons professionnels Mode, Maison et Cosm\u00e9tique. <\/span><\/span><\/span><\/span><\/span><span style=\"color: #666666;\"><span style=\"font-family: Century Gothic, sans-serif;\"><span style=\"font-size: small;\">Cr\u00e9ation et coordination des projets, gestion des \u00e9quipes et des budgets de construction\/installation. <\/span><\/span><\/span><span style=\"color: #666666;\"><span style=\"font-family: Century Gothic, sans-serif;\"><span style=\"font-size: small;\">Sc\u00e9nographies, cr\u00e9ation d\u2019architectures \u00e9v\u00e9nementielles et de mobiliers \u00e9ph\u00e9m\u00e8res, stands, identit\u00e9s visuelles, valorisation produits, design produits. <\/span><\/span><\/span><\/p>\n<p class=\"western\" style=\"text-align: left;\"><span style=\"color: #666666;\"> <span style=\"font-family: Times New Roman, serif;\"><span style=\"font-size: medium;\"><span style=\"font-family: Century Gothic, sans-serif;\"><span style=\"font-size: small;\">&#8211;<\/span><\/span><\/span><span style=\"font-family: Century Gothic, sans-serif;\"><span style=\"font-size: small;\"><i><b>Baccarat<\/b><\/i><\/span><\/span><span style=\"font-family: Century Gothic, sans-serif;\"><span style=\"font-size: small;\"><b>\u00a0<\/b><\/span><\/span><span style=\"font-family: Century Gothic, sans-serif;\"><span style=\"font-size: small;\">: conception identit\u00e9 visuelle, vitrines Madeleine et Province. <\/span><\/span><\/span><\/span><\/p>\n<p class=\"western\" style=\"text-align: left;\"><span style=\"font-family: Times New Roman, serif;\"><span style=\"font-size: medium;\"><span style=\"color: #666666;\"><span style=\"font-family: Century Gothic, sans-serif;\"><span style=\"font-size: small;\">&#8211;<\/span><\/span><\/span><span style=\"color: #666666;\"><span style=\"font-family: Century Gothic, sans-serif;\"><span style=\"font-size: small;\"><i><b>Galeries Lafayette<\/b><\/i><\/span><\/span><\/span><span style=\"color: #666666;\"><span style=\"font-family: Century Gothic, sans-serif;\"><span style=\"font-size: small;\">\u00a0: conseil style, merchandising. <\/span><\/span><\/span><\/span><\/span><\/p>\n<p class=\"western\" style=\"text-align: left;\"><span style=\"font-family: Times New Roman, serif;\"><span style=\"font-size: medium;\"><span style=\"color: #666666;\"><span style=\"font-family: Century Gothic, sans-serif;\"><span style=\"font-size: small;\">&#8211;<\/span><\/span><\/span><span style=\"color: #666666;\"><span style=\"font-family: Century Gothic, sans-serif;\"><span style=\"font-size: small;\"><i><b>Len\u00f4tre<\/b><\/i><\/span><\/span><\/span><span style=\"color: #666666;\"><span style=\"font-family: Century Gothic, sans-serif;\"><span style=\"font-size: small;\"> : concept d\u00e9cor<\/span><\/span><\/span><\/span><\/span><\/p>\n","protected":false},"excerpt":{"rendered":"<p>Architecte d&rsquo;int\u00e9rieur, sc\u00e9nographe \u00e9v\u00e9nementiel et designer confirm\u00e9e, poss\u00e9dant des comp\u00e9tences polyvalentes en tant que directrice de projet dans la valorisation des collections et des produits pour les domaines de la &hellip; <a href=\"https:\/\/caroledavalletpin.fr\/\" class=\"more-link\"><span>Continue reading<span class=\"screen-reader-text\">WHO<\/span><\/span><\/a><\/p>\n","protected":false},"author":1,"featured_media":0,"parent":0,"menu_order":0,"comment_status":"closed","ping_status":"closed","template":"","meta":{"footnotes":""},"class_list":["post-10","page","type-page","status-publish","hentry"],"_links":{"self":[{"href":"https:\/\/caroledavalletpin.fr\/index.php?rest_route=\/wp\/v2\/pages\/10","targetHints":{"allow":["GET"]}}],"collection":[{"href":"https:\/\/caroledavalletpin.fr\/index.php?rest_route=\/wp\/v2\/pages"}],"about":[{"href":"https:\/\/caroledavalletpin.fr\/index.php?rest_route=\/wp\/v2\/types\/page"}],"author":[{"embeddable":true,"href":"https:\/\/caroledavalletpin.fr\/index.php?rest_route=\/wp\/v2\/users\/1"}],"replies":[{"embeddable":true,"href":"https:\/\/caroledavalletpin.fr\/index.php?rest_route=%2Fwp%2Fv2%2Fcomments&post=10"}],"version-history":[{"count":4,"href":"https:\/\/caroledavalletpin.fr\/index.php?rest_route=\/wp\/v2\/pages\/10\/revisions"}],"predecessor-version":[{"id":96,"href":"https:\/\/caroledavalletpin.fr\/index.php?rest_route=\/wp\/v2\/pages\/10\/revisions\/96"}],"wp:attachment":[{"href":"https:\/\/caroledavalletpin.fr\/index.php?rest_route=%2Fwp%2Fv2%2Fmedia&parent=10"}],"curies":[{"name":"wp","href":"https:\/\/api.w.org\/{rel}","templated":true}]}}